{"id":213,"date":"2023-04-10T14:24:18","date_gmt":"2023-04-10T14:24:18","guid":{"rendered":"https:\/\/www.sipek.cz\/?page_id=213"},"modified":"2024-07-24T21:40:08","modified_gmt":"2024-07-24T21:40:08","slug":"kontakty","status":"publish","type":"page","link":"https:\/\/www.sipek.cz\/?page_id=213","title":{"rendered":"Kontakty"},"content":{"rendered":"<div id=\"pl-213\"  class=\"panel-layout\" ><div id=\"pg-213-0\"  class=\"panel-grid panel-no-style\" ><div id=\"pgc-213-0-0\"  class=\"panel-grid-cell\" ><div id=\"panel-213-0-0-0\" class=\"so-panel widget widget_sow-editor panel-first-child panel-last-child\" data-index=\"0\" ><div\n\t\t\t\n\t\t\tclass=\"so-widget-sow-editor so-widget-sow-editor-base\"\n\t\t\t\n\t\t>\n<div class=\"siteorigin-widget-tinymce textwidget\">\n\t<h3>NEROTECH, s.r.o.<\/h3>\n<pre>Th\u00e1mova 402\/4\n186 00 Praha 8<\/pre>\n<pre>tel.: <strong>724 323 789<\/strong><\/pre>\n<pre><strong>Prov\u00e1d\u011bn\u00ed staveb:<\/strong>\nstavby@sipek.cz\n\n<strong>Prodej stavebn\u00edch materi\u00e1l\u016f:<\/strong>\nstavebniny@sipek.cz<\/pre>\n<p>&nbsp;<\/p>\n<p>&nbsp;<\/p>\n<\/div>\n<\/div><\/div><\/div><\/div><\/div>","protected":false},"excerpt":{"rendered":"<p>NEROTECH, s.r.o. Th\u00e1mova 402\/4 186 00 Praha 8 tel.: 724 323 789 Prov\u00e1d\u011bn\u00ed staveb: stavby@sipek.cz Prodej stavebn\u00edch materi\u00e1l\u016f: stavebniny@sipek.cz &nbsp; &nbsp;<\/p>\n","protected":false},"author":1,"featured_media":23,"parent":0,"menu_order":0,"comment_status":"closed","ping_status":"closed","template":"","meta":{"footnotes":""},"class_list":["post-213","page","type-page","status-publish","has-post-thumbnail","hentry","has-thumb"],"_links":{"self":[{"href":"https:\/\/www.sipek.cz\/index.php?rest_route=\/wp\/v2\/pages\/213","targetHints":{"allow":["GET"]}}],"collection":[{"href":"https:\/\/www.sipek.cz\/index.php?rest_route=\/wp\/v2\/pages"}],"about":[{"href":"https:\/\/www.sipek.cz\/index.php?rest_route=\/wp\/v2\/types\/page"}],"author":[{"embeddable":true,"href":"https:\/\/www.sipek.cz\/index.php?rest_route=\/wp\/v2\/users\/1"}],"replies":[{"embeddable":true,"href":"https:\/\/www.sipek.cz\/index.php?rest_route=%2Fwp%2Fv2%2Fcomments&post=213"}],"version-history":[{"count":8,"href":"https:\/\/www.sipek.cz\/index.php?rest_route=\/wp\/v2\/pages\/213\/revisions"}],"predecessor-version":[{"id":242,"href":"https:\/\/www.sipek.cz\/index.php?rest_route=\/wp\/v2\/pages\/213\/revisions\/242"}],"wp:featuredmedia":[{"embeddable":true,"href":"https:\/\/www.sipek.cz\/index.php?rest_route=\/wp\/v2\/media\/23"}],"wp:attachment":[{"href":"https:\/\/www.sipek.cz\/index.php?rest_route=%2Fwp%2Fv2%2Fmedia&parent=213"}],"curies":[{"name":"wp","href":"https:\/\/api.w.org\/{rel}","templated":true}]}}